{"id":2246,"date":"2025-06-12T09:28:31","date_gmt":"2025-06-12T09:28:31","guid":{"rendered":"https:\/\/urbanxdesign.com\/?page_id=2246"},"modified":"2025-07-10T20:22:41","modified_gmt":"2025-07-10T20:22:41","slug":"kontakt","status":"publish","type":"page","link":"https:\/\/urbanxdesign.com\/en\/kontakt\/","title":{"rendered":"Contact"},"content":{"rendered":"\t\t<div data-elementor-type=\"wp-page\" data-elementor-id=\"2246\" class=\"elementor elementor-2246\" data-elementor-post-type=\"page\">\n\t\t\t\t<div class=\"elementor-element elementor-element-d79c773 e-flex e-con-boxed e-con e-parent\" data-id=\"d79c773\" data-element_type=\"container\" data-e-type=\"container\">\n\t\t\t\t\t<div class=\"e-con-inner\">\n\t\t\t\t<div class=\"elementor-element elementor-element-6a9e560 elementor-fixed elementor-widget elementor-widget-image\" data-id=\"6a9e560\" data-element_type=\"widget\" data-e-type=\"widget\" data-settings=\"{&quot;_position&quot;:&quot;fixed&quot;}\" data-widget_type=\"image.default\">\n\t\t\t\t\t\t\t\t\t\t\t\t\t\t\t<img fetchpriority=\"high\" decoding=\"async\" width=\"800\" height=\"776\" src=\"https:\/\/urbanxdesign.com\/wp-content\/uploads\/gradient.svg\" class=\"attachment-large size-large wp-image-3606\" alt=\"\" \/>\t\t\t\t\t\t\t\t\t\t\t\t\t\t\t<\/div>\n\t\t\t\t<div class=\"elementor-element elementor-element-f860fc8 elementor-fixed elementor-widget elementor-widget-image\" data-id=\"f860fc8\" data-element_type=\"widget\" data-e-type=\"widget\" data-settings=\"{&quot;_position&quot;:&quot;fixed&quot;}\" data-widget_type=\"image.default\">\n\t\t\t\t\t\t\t\t\t\t\t\t\t\t\t<img decoding=\"async\" width=\"1031\" height=\"1000\" src=\"https:\/\/urbanxdesign.com\/wp-content\/uploads\/gradient.svg\" class=\"attachment-full size-full wp-image-3606\" alt=\"\" \/>\t\t\t\t\t\t\t\t\t\t\t\t\t\t\t<\/div>\n\t\t\t\t\t<\/div>\n\t\t\t\t<\/div>\n\t\t<section class=\"elementor-element elementor-element-2dd55dd e-flex e-con-boxed e-con e-parent\" data-id=\"2dd55dd\" data-element_type=\"container\" data-e-type=\"container\">\n\t\t\t\t\t<div class=\"e-con-inner\">\n\t\t<div class=\"elementor-element elementor-element-cc3d14f e-con-full e-flex e-con e-child\" data-id=\"cc3d14f\" data-element_type=\"container\" data-e-type=\"container\">\n\t\t<div class=\"elementor-element elementor-element-6b411ad e-con-full e-flex e-con e-child\" data-id=\"6b411ad\" data-element_type=\"container\" data-e-type=\"container\">\n\t\t\t\t<div class=\"elementor-element elementor-element-3705455 elementor-absolute fade-bottom2 animated-slow elementor-invisible elementor-widget elementor-widget-image\" data-id=\"3705455\" data-element_type=\"widget\" data-e-type=\"widget\" data-settings=\"{&quot;_position&quot;:&quot;absolute&quot;,&quot;_animation&quot;:&quot;fadeIn&quot;}\" data-widget_type=\"image.default\">\n\t\t\t\t\t\t\t\t\t\t\t\t\t\t\t<img decoding=\"async\" width=\"553\" height=\"555\" src=\"https:\/\/urbanxdesign.com\/wp-content\/uploads\/x-urban.svg\" class=\"attachment-large size-large wp-image-1099\" alt=\"X-Icon\" \/>\t\t\t\t\t\t\t\t\t\t\t\t\t\t\t<\/div>\n\t\t\t\t<div class=\"elementor-element elementor-element-9f9d018 elementor-widget__width-initial fade-bottom animated-slow elementor-invisible elementor-widget elementor-widget-image\" data-id=\"9f9d018\" data-element_type=\"widget\" data-e-type=\"widget\" data-settings=\"{&quot;_animation&quot;:&quot;fadeIn&quot;,&quot;_animation_delay&quot;:4}\" data-widget_type=\"image.default\">\n\t\t\t\t\t\t\t\t\t\t\t\t\t\t\t<img loading=\"lazy\" decoding=\"async\" width=\"800\" height=\"985\" src=\"https:\/\/urbanxdesign.com\/wp-content\/uploads\/benjamin-urbanxdesign.webp\" class=\"attachment-large size-large wp-image-1101\" alt=\"Benjamin Urban \u2013 Urban X Design\" srcset=\"https:\/\/urbanxdesign.com\/wp-content\/uploads\/benjamin-urbanxdesign.webp 800w, https:\/\/urbanxdesign.com\/wp-content\/uploads\/benjamin-urbanxdesign-300x369.webp 300w, https:\/\/urbanxdesign.com\/wp-content\/uploads\/benjamin-urbanxdesign-768x946.webp 768w\" sizes=\"(max-width: 800px) 100vw, 800px\" \/>\t\t\t\t\t\t\t\t\t\t\t\t\t\t\t<\/div>\n\t\t\t\t<\/div>\n\t\t\t\t<div class=\"elementor-element elementor-element-127493e animated-slow elementor-invisible elementor-widget elementor-widget-heading\" data-id=\"127493e\" data-element_type=\"widget\" data-e-type=\"widget\" data-settings=\"{&quot;_animation&quot;:&quot;fadeIn&quot;}\" data-widget_type=\"heading.default\">\n\t\t\t\t\t<h1 class=\"elementor-heading-title elementor-size-default\">Kontakt<\/h1>\t\t\t\t<\/div>\n\t\t\t\t<div class=\"elementor-element elementor-element-8c19d6a elementor-widget__width-initial dm-single-heading-8 elementor-widget-tablet_extra__width-inherit elementor-widget-tablet__width-initial elementor-widget elementor-widget-heading\" data-id=\"8c19d6a\" data-element_type=\"widget\" data-e-type=\"widget\" data-widget_type=\"heading.default\">\n\t\t\t\t\t<h2 class=\"elementor-heading-title elementor-size-default\">Erz\u00e4hlen Sie mir von Ihrem Projekt.<\/h2>\t\t\t\t<\/div>\n\t\t\t\t<div class=\"elementor-element elementor-element-fb9f000 elementor-widget__width-initial animated-slow elementor-widget-tablet__width-initial elementor-invisible elementor-widget elementor-widget-text-editor\" data-id=\"fb9f000\" data-element_type=\"widget\" data-e-type=\"widget\" data-settings=\"{&quot;_animation&quot;:&quot;fadeIn&quot;}\" data-widget_type=\"text-editor.default\">\n\t\t\t\t\t\t\t\t\tWenn Sie Unterst\u00fctzung f\u00fcr Ihre Website oder Ihr Online-Business suchen, berate ich Sie gerne pers\u00f6nlich und unverbindlich.\t\t\t\t\t\t\t\t<\/div>\n\t\t\t\t<\/div>\n\t\t<div class=\"elementor-element elementor-element-a284a74 e-con-full e-flex e-con e-child\" data-id=\"a284a74\" data-element_type=\"container\" data-e-type=\"container\">\n\t\t<div class=\"elementor-element elementor-element-5a94b90 e-con-full animated-slow e-flex elementor-invisible e-con e-child\" data-id=\"5a94b90\" data-element_type=\"container\" data-e-type=\"container\" data-settings=\"{&quot;background_background&quot;:&quot;classic&quot;,&quot;animation&quot;:&quot;fadeIn&quot;}\">\n\t\t\t\t<div class=\"elementor-element elementor-element-2af7ec2 elementor-button-align-center home-form elementor-mobile-button-align-stretch elementor-widget elementor-widget-form\" data-id=\"2af7ec2\" data-element_type=\"widget\" data-e-type=\"widget\" data-settings=\"{&quot;step_next_label&quot;:&quot;Weiter&quot;,&quot;step_previous_label&quot;:&quot;Voriger&quot;,&quot;button_width&quot;:&quot;100&quot;,&quot;step_type&quot;:&quot;number_text&quot;,&quot;step_icon_shape&quot;:&quot;circle&quot;}\" data-widget_type=\"form.default\">\n\t\t\t\t\t\t\t<form class=\"elementor-form\" method=\"post\" name=\"Kontakt\" aria-label=\"Kontakt\">\n\t\t\t<input type=\"hidden\" name=\"post_id\" value=\"2246\"\/>\n\t\t\t<input type=\"hidden\" name=\"form_id\" value=\"2af7ec2\"\/>\n\t\t\t<input type=\"hidden\" name=\"referer_title\" value=\"Kontakt \u2013 Urban X Design | Webdesign Basel &amp; L\u00f6rrach\" \/>\n\n\t\t\t\t\t\t\t<input type=\"hidden\" name=\"queried_id\" value=\"2246\"\/>\n\t\t\t\n\t\t\t<div class=\"elementor-form-fields-wrapper elementor-labels-above\">\n\t\t\t\t\t\t\t\t<div class=\"elementor-field-type-step elementor-field-group elementor-column elementor-field-group-field_093508a elementor-col-100\">\n\t\t\t\t\t\t\t<div class=\"e-field-step elementor-hidden\" data-label=\"\" data-previousButton=\"\" data-nextButton=\"\" data-iconUrl=\"\" data-iconLibrary=\"fas fa-star\" data-icon=\"&lt;svg class=&quot;e-font-icon-svg e-fas-star&quot; viewBox=&quot;0 0 576 512&quot; xmlns=&quot;http:\/\/www.w3.org\/2000\/svg&quot;&gt;&lt;path d=&quot;M259.3 17.8L194 150.2 47.9 171.5c-26.2 3.8-36.7 36.1-17.7 54.6l105.7 103-25 145.5c-4.5 26.3 23.2 46 46.4 33.7L288 439.6l130.7 68.7c23.2 12.2 50.9-7.4 46.4-33.7l-25-145.5 105.7-103c19-18.5 8.5-50.8-17.7-54.6L382 150.2 316.7 17.8c-11.7-23.6-45.6-23.9-57.4 0z&quot;&gt;&lt;\/path&gt;&lt;\/svg&gt;\" ><\/div>\n\n\t\t\t\t\t\t<\/div>\n\t\t\t\t\t\t\t\t<div class=\"elementor-field-type-checkbox elementor-field-group elementor-column elementor-field-group-field_a3d37e2 elementor-col-100\">\n\t\t\t\t\t\t\t\t\t\t\t\t<label for=\"form-field-field_a3d37e2\" class=\"elementor-field-label\">\n\t\t\t\t\t\t\t\tWas beschreibt Ihr Anliegen am besten?\t\t\t\t\t\t\t<\/label>\n\t\t\t\t\t\t<div class=\"elementor-field-subgroup  elementor-subgroup-inline\"><span class=\"elementor-field-option\"><input type=\"checkbox\" value=\"Online starten\" id=\"form-field-field_a3d37e2-0\" name=\"form_fields[field_a3d37e2][]\"> <label for=\"form-field-field_a3d37e2-0\">Online starten<\/label><\/span><span class=\"elementor-field-option\"><input type=\"checkbox\" value=\"MEHR Wiedererkennung\" id=\"form-field-field_a3d37e2-1\" name=\"form_fields[field_a3d37e2][]\"> <label for=\"form-field-field_a3d37e2-1\">MEHR Wiedererkennung<\/label><\/span><span class=\"elementor-field-option\"><input type=\"checkbox\" value=\"MEHR Sichtbarkeit\" id=\"form-field-field_a3d37e2-2\" name=\"form_fields[field_a3d37e2][]\"> <label for=\"form-field-field_a3d37e2-2\">MEHR Sichtbarkeit<\/label><\/span><span class=\"elementor-field-option\"><input type=\"checkbox\" value=\"MEHR Relevanz\" id=\"form-field-field_a3d37e2-3\" name=\"form_fields[field_a3d37e2][]\"> <label for=\"form-field-field_a3d37e2-3\">MEHR Relevanz<\/label><\/span><span class=\"elementor-field-option\"><input type=\"checkbox\" value=\"MEHR Vertrauen\" id=\"form-field-field_a3d37e2-4\" name=\"form_fields[field_a3d37e2][]\"> <label for=\"form-field-field_a3d37e2-4\">MEHR Vertrauen<\/label><\/span><span class=\"elementor-field-option\"><input type=\"checkbox\" value=\"MEHR Umsatz\" id=\"form-field-field_a3d37e2-5\" name=\"form_fields[field_a3d37e2][]\"> <label for=\"form-field-field_a3d37e2-5\">MEHR Umsatz<\/label><\/span><\/div>\t\t\t\t<\/div>\n\t\t\t\t\t\t\t\t<div class=\"elementor-field-type-step elementor-field-group elementor-column elementor-field-group-field_bf93d7b elementor-col-100\">\n\t\t\t\t\t\t\t<div class=\"e-field-step elementor-hidden\" data-label=\"\" data-previousButton=\"\" data-nextButton=\"\" data-iconUrl=\"\" data-iconLibrary=\"fas fa-star\" data-icon=\"&lt;svg class=&quot;e-font-icon-svg e-fas-star&quot; viewBox=&quot;0 0 576 512&quot; xmlns=&quot;http:\/\/www.w3.org\/2000\/svg&quot;&gt;&lt;path d=&quot;M259.3 17.8L194 150.2 47.9 171.5c-26.2 3.8-36.7 36.1-17.7 54.6l105.7 103-25 145.5c-4.5 26.3 23.2 46 46.4 33.7L288 439.6l130.7 68.7c23.2 12.2 50.9-7.4 46.4-33.7l-25-145.5 105.7-103c19-18.5 8.5-50.8-17.7-54.6L382 150.2 316.7 17.8c-11.7-23.6-45.6-23.9-57.4 0z&quot;&gt;&lt;\/path&gt;&lt;\/svg&gt;\" ><\/div>\n\n\t\t\t\t\t\t<\/div>\n\t\t\t\t\t\t\t\t<div class=\"elementor-field-type-checkbox elementor-field-group elementor-column elementor-field-group-field_07d413d elementor-col-100\">\n\t\t\t\t\t\t\t\t\t\t\t\t<label for=\"form-field-field_07d413d\" class=\"elementor-field-label\">\n\t\t\t\t\t\t\t\tSie interessieren sich f\u00fcr\t\t\t\t\t\t\t<\/label>\n\t\t\t\t\t\t<div class=\"elementor-field-subgroup  elementor-subgroup-inline\"><span class=\"elementor-field-option\"><input type=\"checkbox\" value=\"Neue Website\" id=\"form-field-field_07d413d-0\" name=\"form_fields[field_07d413d][]\"> <label for=\"form-field-field_07d413d-0\">Neue Website<\/label><\/span><span class=\"elementor-field-option\"><input type=\"checkbox\" value=\"Relaunch\" id=\"form-field-field_07d413d-1\" name=\"form_fields[field_07d413d][]\"> <label for=\"form-field-field_07d413d-1\">Relaunch<\/label><\/span><span class=\"elementor-field-option\"><input type=\"checkbox\" value=\"Online-Shop\" id=\"form-field-field_07d413d-2\" name=\"form_fields[field_07d413d][]\"> <label for=\"form-field-field_07d413d-2\">Online-Shop<\/label><\/span><span class=\"elementor-field-option\"><input type=\"checkbox\" value=\"Landingpage\" id=\"form-field-field_07d413d-3\" name=\"form_fields[field_07d413d][]\"> <label for=\"form-field-field_07d413d-3\">Landingpage<\/label><\/span><span class=\"elementor-field-option\"><input type=\"checkbox\" value=\"SEO\" id=\"form-field-field_07d413d-4\" name=\"form_fields[field_07d413d][]\"> <label for=\"form-field-field_07d413d-4\">SEO<\/label><\/span><span class=\"elementor-field-option\"><input type=\"checkbox\" value=\"Sonstiges\" id=\"form-field-field_07d413d-5\" name=\"form_fields[field_07d413d][]\"> <label for=\"form-field-field_07d413d-5\">Sonstiges<\/label><\/span><\/div>\t\t\t\t<\/div>\n\t\t\t\t\t\t\t\t<div class=\"elementor-field-type-step elementor-field-group elementor-column elementor-field-group-field_38faab7 elementor-col-100\">\n\t\t\t\t\t\t\t<div class=\"e-field-step elementor-hidden\" data-label=\"\" data-previousButton=\"\" data-nextButton=\"\" data-iconUrl=\"\" data-iconLibrary=\"fas fa-star\" data-icon=\"&lt;svg class=&quot;e-font-icon-svg e-fas-star&quot; viewBox=&quot;0 0 576 512&quot; xmlns=&quot;http:\/\/www.w3.org\/2000\/svg&quot;&gt;&lt;path d=&quot;M259.3 17.8L194 150.2 47.9 171.5c-26.2 3.8-36.7 36.1-17.7 54.6l105.7 103-25 145.5c-4.5 26.3 23.2 46 46.4 33.7L288 439.6l130.7 68.7c23.2 12.2 50.9-7.4 46.4-33.7l-25-145.5 105.7-103c19-18.5 8.5-50.8-17.7-54.6L382 150.2 316.7 17.8c-11.7-23.6-45.6-23.9-57.4 0z&quot;&gt;&lt;\/path&gt;&lt;\/svg&gt;\" ><\/div>\n\n\t\t\t\t\t\t<\/div>\n\t\t\t\t\t\t\t\t<div class=\"elementor-field-type-textarea elementor-field-group elementor-column elementor-field-group-message elementor-col-100 elementor-field-required elementor-mark-required\">\n\t\t\t\t\t\t\t\t\t\t\t\t<label for=\"form-field-message\" class=\"elementor-field-label\">\n\t\t\t\t\t\t\t\tIhre Nachricht\t\t\t\t\t\t\t<\/label>\n\t\t\t\t\t\t<textarea class=\"elementor-field-textual elementor-field  elementor-size-md\" name=\"form_fields[message]\" id=\"form-field-message\" rows=\"8\" required=\"required\"><\/textarea>\t\t\t\t<\/div>\n\t\t\t\t\t\t\t\t<div class=\"elementor-field-type-step elementor-field-group elementor-column elementor-field-group-field_68cf587 elementor-col-100\">\n\t\t\t\t\t\t\t<div class=\"e-field-step elementor-hidden\" data-label=\"\" data-previousButton=\"\" data-nextButton=\"\" data-iconUrl=\"\" data-iconLibrary=\"fas fa-star\" data-icon=\"&lt;svg class=&quot;e-font-icon-svg e-fas-star&quot; viewBox=&quot;0 0 576 512&quot; xmlns=&quot;http:\/\/www.w3.org\/2000\/svg&quot;&gt;&lt;path d=&quot;M259.3 17.8L194 150.2 47.9 171.5c-26.2 3.8-36.7 36.1-17.7 54.6l105.7 103-25 145.5c-4.5 26.3 23.2 46 46.4 33.7L288 439.6l130.7 68.7c23.2 12.2 50.9-7.4 46.4-33.7l-25-145.5 105.7-103c19-18.5 8.5-50.8-17.7-54.6L382 150.2 316.7 17.8c-11.7-23.6-45.6-23.9-57.4 0z&quot;&gt;&lt;\/path&gt;&lt;\/svg&gt;\" ><\/div>\n\n\t\t\t\t\t\t<\/div>\n\t\t\t\t\t\t\t\t<div class=\"elementor-field-type-text elementor-field-group elementor-column elementor-field-group-name elementor-col-50 elementor-field-required elementor-mark-required\">\n\t\t\t\t\t\t\t\t\t\t\t\t<label for=\"form-field-name\" class=\"elementor-field-label\">\n\t\t\t\t\t\t\t\tName\t\t\t\t\t\t\t<\/label>\n\t\t\t\t\t\t\t\t\t\t\t\t\t\t<input size=\"1\" type=\"text\" name=\"form_fields[name]\" id=\"form-field-name\" class=\"elementor-field elementor-size-md  elementor-field-textual\" required=\"required\">\n\t\t\t\t\t\t\t\t\t\t\t<\/div>\n\t\t\t\t\t\t\t\t<div class=\"elementor-field-type-text elementor-field-group elementor-column elementor-field-group-field_9d4ad91 elementor-col-50\">\n\t\t\t\t\t\t\t\t\t\t\t\t<label for=\"form-field-field_9d4ad91\" class=\"elementor-field-label\">\n\t\t\t\t\t\t\t\tFirma\/Organisation\t\t\t\t\t\t\t<\/label>\n\t\t\t\t\t\t\t\t\t\t\t\t\t\t<input size=\"1\" type=\"text\" name=\"form_fields[field_9d4ad91]\" id=\"form-field-field_9d4ad91\" class=\"elementor-field elementor-size-md  elementor-field-textual\">\n\t\t\t\t\t\t\t\t\t\t\t<\/div>\n\t\t\t\t\t\t\t\t<div class=\"elementor-field-type-email elementor-field-group elementor-column elementor-field-group-email elementor-col-100 elementor-field-required elementor-mark-required\">\n\t\t\t\t\t\t\t\t\t\t\t\t<label for=\"form-field-email\" class=\"elementor-field-label\">\n\t\t\t\t\t\t\t\tE-Mail\t\t\t\t\t\t\t<\/label>\n\t\t\t\t\t\t\t\t\t\t\t\t\t\t<input size=\"1\" type=\"email\" name=\"form_fields[email]\" id=\"form-field-email\" class=\"elementor-field elementor-size-md  elementor-field-textual\" required=\"required\">\n\t\t\t\t\t\t\t\t\t\t\t<\/div>\n\t\t\t\t\t\t\t\t<div class=\"elementor-field-type-text elementor-field-group elementor-column elementor-field-group-field_9e9e3fe elementor-col-100\">\n\t\t\t\t\t\t\t\t\t\t\t\t<label for=\"form-field-field_9e9e3fe\" class=\"elementor-field-label\">\n\t\t\t\t\t\t\t\tWebsite URL\t\t\t\t\t\t\t<\/label>\n\t\t\t\t\t\t\t\t\t\t\t\t\t\t<input size=\"1\" type=\"text\" name=\"form_fields[field_9e9e3fe]\" id=\"form-field-field_9e9e3fe\" class=\"elementor-field elementor-size-md  elementor-field-textual\">\n\t\t\t\t\t\t\t\t\t\t\t<\/div>\n\t\t\t\t\t\t\t\t<div class=\"elementor-field-type-acceptance elementor-field-group elementor-column elementor-field-group-field_23bf5cc elementor-col-100 elementor-field-required elementor-mark-required\">\n\t\t\t\t\t\t\t<div class=\"elementor-field-subgroup\">\n\t\t\t<span class=\"elementor-field-option\">\n\t\t\t\t<input type=\"checkbox\" name=\"form_fields[field_23bf5cc]\" id=\"form-field-field_23bf5cc\" class=\"elementor-field elementor-size-md  elementor-acceptance-field\" required=\"required\">\n\t\t\t\t<label for=\"form-field-field_23bf5cc\">Mit dem Absenden erkl\u00e4ren Sie sich einverstanden, dass Ihre Angaben zur Bearbeitung der Anfrage verwendet werden. Weitere Infos finden Sie in der <a href=\"https:\/\/urbanxdesign.com\/datenschutz\/\">Datenschutzerkl\u00e4rung<\/a>.<\/label>\t\t\t<\/span>\n\t\t<\/div>\n\t\t\t\t\t\t<\/div>\n\t\t\t\t\t\t\t\t<div class=\"elementor-field-group elementor-column elementor-field-type-submit elementor-col-100 e-form__buttons\">\n\t\t\t\t\t<button class=\"elementor-button elementor-size-sm\" type=\"submit\">\n\t\t\t\t\t\t<span class=\"elementor-button-content-wrapper\">\n\t\t\t\t\t\t\t\t\t\t\t\t\t\t\t<span class=\"elementor-button-icon\">\n\t\t\t\t\t\t\t\t\t<svg xmlns=\"http:\/\/www.w3.org\/2000\/svg\" width=\"14\" height=\"14\" viewBox=\"0 0 14 14\" fill=\"none\"><path d=\"M14 0.777754V10.8886C14 11.0948 13.9181 11.2927 13.7722 11.4385C13.6263 11.5844 13.4285 11.6663 13.2222 11.6663C13.016 11.6663 12.8181 11.5844 12.6723 11.4385C12.5264 11.2927 12.4445 11.0948 12.4445 10.8886V2.65506L1.32845 13.7721C1.18251 13.918 0.984574 14 0.778186 14C0.571798 14 0.373864 13.918 0.227925 13.7721C0.0819872 13.6261 0 13.4282 0 13.2218C0 13.0154 0.0819872 12.8175 0.227925 12.6716L11.3449 1.55551H3.11145C2.90517 1.55551 2.70735 1.47357 2.56149 1.32771C2.41564 1.18185 2.33369 0.984027 2.33369 0.777754C2.33369 0.571481 2.41564 0.373656 2.56149 0.227799C2.70735 0.0819418 2.90517 0 3.11145 0H13.2222C13.4285 0 13.6263 0.0819418 13.7722 0.227799C13.9181 0.373656 14 0.571481 14 0.777754Z\" fill=\"black\"><\/path><\/svg>\t\t\t\t\t\t\t\t\t\t\t\t\t\t\t\t\t<\/span>\n\t\t\t\t\t\t\t\t\t\t\t\t\t\t\t\t\t\t\t\t\t\t<span class=\"elementor-button-text\">Senden<\/span>\n\t\t\t\t\t\t\t\t\t\t\t\t\t<\/span>\n\t\t\t\t\t<\/button>\n\t\t\t\t<\/div>\n\t\t\t<\/div>\n\t\t<\/form>\n\t\t\t\t\t\t<\/div>\n\t\t\t\t<div class=\"elementor-element elementor-element-bd841aa elementor-widget elementor-widget-html\" data-id=\"bd841aa\" data-element_type=\"widget\" data-e-type=\"widget\" data-widget_type=\"html.default\">\n\t\t\t\t\t<script>\ndocument.addEventListener('DOMContentLoaded', function() {\n  \/\/ Finde das \u00fcbergeordnete Formular\n  const form = document.querySelector('.elementor-form');\n\n  \/\/ Wenn kein Formular auf der Seite ist, brich ab\n  if (!form) {\n    return;\n  }\n\n  \/\/ Funktion, die den Zustand einer Checkbox pr\u00fcft und die Klasse setzt\n  function updateCheckboxState(checkbox) {\n    const parentOption = checkbox.closest('.elementor-field-option');\n    if (!parentOption) return;\n\n    if (checkbox.checked) {\n      parentOption.classList.add('is-checked');\n    } else {\n      parentOption.classList.remove('is-checked');\n    }\n  }\n\n  \/\/ Event Listener f\u00fcr das gesamte Formular\n  form.addEventListener('change', function(event) {\n    \/\/ Pr\u00fcfe, ob das ge\u00e4nderte Element eine unserer Checkboxen ist\n    if (event.target.type === 'checkbox' && !event.target.closest('.elementor-acceptance-field')) {\n      updateCheckboxState(event.target);\n    }\n  });\n\n  \/\/ Beim Laden der Seite einmal alle Checkboxen initial pr\u00fcfen\n  \/\/ (falls das Formular z.B. mit vorausgew\u00e4hlten Optionen geladen wird)\n  const initialCheckboxes = form.querySelectorAll('.elementor-field-type-checkbox:not(.elementor-acceptance-field) input[type=\"checkbox\"]');\n  initialCheckboxes.forEach(updateCheckboxState);\n});\n<\/script>\t\t\t\t<\/div>\n\t\t\t\t<\/div>\n\t\t\t\t<\/div>\n\t\t\t\t\t<\/div>\n\t\t\t\t<\/section>\n\t\t\t\t<\/div>\n\t\t","protected":false},"excerpt":{"rendered":"<p>Kontakt Erz\u00e4hlen Sie mir von Ihrem Projekt. Wenn Sie Unterst\u00fctzung f\u00fcr Ihre Website oder Ihr Online-Business suchen, berate ich Sie gerne pers\u00f6nlich und unverbindlich.<\/p>","protected":false},"author":1,"featured_media":0,"parent":0,"menu_order":0,"comment_status":"closed","ping_status":"closed","template":"","meta":{"footnotes":""},"class_list":["post-2246","page","type-page","status-publish","hentry"],"_links":{"self":[{"href":"https:\/\/urbanxdesign.com\/en\/wp-json\/wp\/v2\/pages\/2246","targetHints":{"allow":["GET"]}}],"collection":[{"href":"https:\/\/urbanxdesign.com\/en\/wp-json\/wp\/v2\/pages"}],"about":[{"href":"https:\/\/urbanxdesign.com\/en\/wp-json\/wp\/v2\/types\/page"}],"author":[{"embeddable":true,"href":"https:\/\/urbanxdesign.com\/en\/wp-json\/wp\/v2\/users\/1"}],"replies":[{"embeddable":true,"href":"https:\/\/urbanxdesign.com\/en\/wp-json\/wp\/v2\/comments?post=2246"}],"version-history":[{"count":10,"href":"https:\/\/urbanxdesign.com\/en\/wp-json\/wp\/v2\/pages\/2246\/revisions"}],"predecessor-version":[{"id":3638,"href":"https:\/\/urbanxdesign.com\/en\/wp-json\/wp\/v2\/pages\/2246\/revisions\/3638"}],"wp:attachment":[{"href":"https:\/\/urbanxdesign.com\/en\/wp-json\/wp\/v2\/media?parent=2246"}],"curies":[{"name":"wp","href":"https:\/\/api.w.org\/{rel}","templated":true}]}}